{"id":127,"date":"2020-03-15T11:20:16","date_gmt":"2020-03-15T11:20:16","guid":{"rendered":"http:\/\/heyu-rockband.de\/?page_id=127"},"modified":"2020-05-27T07:17:42","modified_gmt":"2020-05-27T07:17:42","slug":"the-band","status":"publish","type":"page","link":"https:\/\/heyu-rock.de\/?page_id=127","title":{"rendered":"the band"},"content":{"rendered":"\t\t<div data-elementor-type=\"wp-page\" data-elementor-id=\"127\" class=\"elementor elementor-127\">\n\t\t\t\t\t\t<section class=\"elementor-section elementor-top-section elementor-element elementor-element-df165fd elementor-section-boxed elementor-section-height-default elementor-section-height-default\" data-id=\"df165fd\" data-element_type=\"section\">\n\t\t\t\t\t\t<div class=\"elementor-container elementor-column-gap-default\">\n\t\t\t\t\t<div class=\"elementor-column elementor-col-100 elementor-top-column elementor-element elementor-element-88d6a02\" data-id=\"88d6a02\" data-element_type=\"column\">\n\t\t\t<div class=\"elementor-widget-wrap elementor-element-populated\">\n\t\t\t\t\t\t<div class=\"elementor-element elementor-element-cc51092 elementor-widget elementor-widget-text-editor\" data-id=\"cc51092\" data-element_type=\"widget\" data-widget_type=\"text-editor.default\">\n\t\t\t\t<div class=\"elementor-widget-container\">\n\t\t\t\t\t\t\t\t\t<p style=\"text-align: center;\">Wir spielen geradlinige, schn\u00f6rkellose Rockmusik, knackig aber nicht heavy, manchmal leicht dreckig, manchmal balladenhaft &#8211; immer mit Spa\u00df!<br \/><br \/>Kein besonderes Konzept, keine Schublade, kein &#8222;wir m\u00fcssen klingen wie &#8230;&#8220;,<br \/>einfach Rockmusik auf die Ohren und ins Herz.<br \/>Wenn&#8217;s knistert ist&#8217;s gut.<\/p><p style=\"text-align: center;\">Unser Repertoire besteht zu etwa 90 % aus Eigenkompositionen.<\/p><p style=\"text-align: center;\">Nat\u00fcrlich haben wir auch ein paar Cover-Songs aus der unendlichen Vielfalt guter Rockmusik entliehen. Beispielhaft seien hier Songs von John Mellencamp, Rod Stewart, Neil Young und anderen genannt. Den Cover-St\u00fccken haben wir unseren eigenen Touch verpasst &#8211; wir sind weit davon entfernt, wie eine Tanzband zu klingen.<\/p><p style=\"text-align: center;\">Die bislang positiven Pressereaktionen best\u00e4rken uns in unserer Meinung, dass der Weg \u00fcber schn\u00f6rkellosen, sauberen Sound hin zu knisternder bis explodierender Rockmusik der richtige Weg ist.<\/p>\t\t\t\t\t\t\t\t<\/div>\n\t\t\t\t<\/div>\n\t\t\t\t\t<\/div>\n\t\t<\/div>\n\t\t\t\t\t<\/div>\n\t\t<\/section>\n\t\t\t\t<section class=\"elementor-section elementor-top-section elementor-element elementor-element-e52fbe8 elementor-section-boxed elementor-section-height-default elementor-section-height-default\" data-id=\"e52fbe8\" data-element_type=\"section\">\n\t\t\t\t\t\t<div class=\"elementor-container elementor-column-gap-default\">\n\t\t\t\t\t<div class=\"elementor-column elementor-col-100 elementor-top-column elementor-element elementor-element-788a307\" data-id=\"788a307\" data-element_type=\"column\">\n\t\t\t<div class=\"elementor-widget-wrap elementor-element-populated\">\n\t\t\t\t\t\t<div class=\"elementor-element elementor-element-51ab43a elementor-widget-divider--view-line elementor-widget elementor-widget-divider\" data-id=\"51ab43a\" data-element_type=\"widget\" data-widget_type=\"divider.default\">\n\t\t\t\t<div class=\"elementor-widget-container\">\n\t\t\t\t\t\t\t<div class=\"elementor-divider\">\n\t\t\t<span class=\"elementor-divider-separator\">\n\t\t\t\t\t\t<\/span>\n\t\t<\/div>\n\t\t\t\t\t\t<\/div>\n\t\t\t\t<\/div>\n\t\t\t\t\t<\/div>\n\t\t<\/div>\n\t\t\t\t\t<\/div>\n\t\t<\/section>\n\t\t\t\t<section class=\"elementor-section elementor-top-section elementor-element elementor-element-91e03da elementor-section-boxed elementor-section-height-default elementor-section-height-default\" data-id=\"91e03da\" data-element_type=\"section\">\n\t\t\t\t\t\t<div class=\"elementor-container elementor-column-gap-default\">\n\t\t\t\t\t<div class=\"elementor-column elementor-col-100 elementor-top-column elementor-element elementor-element-a9aea83\" data-id=\"a9aea83\" data-element_type=\"column\">\n\t\t\t<div class=\"elementor-widget-wrap elementor-element-populated\">\n\t\t\t\t\t\t<div class=\"elementor-element elementor-element-aafbd89 elementor-widget elementor-widget-heading\" data-id=\"aafbd89\" data-element_type=\"widget\" data-widget_type=\"heading.default\">\n\t\t\t\t<div class=\"elementor-widget-container\">\n\t\t\t\t\t<h5 class=\"elementor-heading-title elementor-size-default\">Lineup<\/h5>\t\t\t\t<\/div>\n\t\t\t\t<\/div>\n\t\t\t\t\t<\/div>\n\t\t<\/div>\n\t\t\t\t\t<\/div>\n\t\t<\/section>\n\t\t\t\t<section class=\"elementor-section elementor-top-section elementor-element elementor-element-794c36a elementor-section-boxed elementor-section-height-default elementor-section-height-default\" data-id=\"794c36a\" data-element_type=\"section\">\n\t\t\t\t\t\t<div class=\"elementor-container elementor-column-gap-default\">\n\t\t\t\t\t<div class=\"elementor-column elementor-col-100 elementor-top-column elementor-element elementor-element-fea085a\" data-id=\"fea085a\" data-element_type=\"column\">\n\t\t\t<div class=\"elementor-widget-wrap elementor-element-populated\">\n\t\t\t\t\t\t<div class=\"elementor-element elementor-element-2e54c95 elementor-widget-divider--view-line elementor-widget elementor-widget-divider\" data-id=\"2e54c95\" data-element_type=\"widget\" data-widget_type=\"divider.default\">\n\t\t\t\t<div class=\"elementor-widget-container\">\n\t\t\t\t\t\t\t<div class=\"elementor-divider\">\n\t\t\t<span class=\"elementor-divider-separator\">\n\t\t\t\t\t\t<\/span>\n\t\t<\/div>\n\t\t\t\t\t\t<\/div>\n\t\t\t\t<\/div>\n\t\t\t\t\t<\/div>\n\t\t<\/div>\n\t\t\t\t\t<\/div>\n\t\t<\/section>\n\t\t\t\t<section class=\"elementor-section elementor-top-section elementor-element elementor-element-bb1252e elementor-section-boxed elementor-section-height-default elementor-section-height-default\" data-id=\"bb1252e\" data-element_type=\"section\">\n\t\t\t\t\t\t<div class=\"elementor-container elementor-column-gap-default\">\n\t\t\t\t\t<div class=\"elementor-column elementor-col-100 elementor-top-column elementor-element elementor-element-569f26f\" data-id=\"569f26f\" data-element_type=\"column\">\n\t\t\t<div class=\"elementor-widget-wrap elementor-element-populated\">\n\t\t\t\t\t\t<section class=\"elementor-section elementor-inner-section elementor-element elementor-element-26094de elementor-section-boxed elementor-section-height-default elementor-section-height-default\" data-id=\"26094de\" data-element_type=\"section\">\n\t\t\t\t\t\t<div class=\"elementor-container elementor-column-gap-default\">\n\t\t\t\t\t<div class=\"elementor-column elementor-col-50 elementor-inner-column elementor-element elementor-element-46ead98\" data-id=\"46ead98\" data-element_type=\"column\">\n\t\t\t<div class=\"elementor-widget-wrap elementor-element-populated\">\n\t\t\t\t\t\t<div class=\"elementor-element elementor-element-0ced6d2 elementor-widget elementor-widget-image\" data-id=\"0ced6d2\" data-element_type=\"widget\" data-widget_type=\"image.default\">\n\t\t\t\t<div class=\"elementor-widget-container\">\n\t\t\t\t\t\t\t\t\t\t\t\t\t\t\t<img fetchpriority=\"high\" decoding=\"async\" width=\"255\" height=\"369\" src=\"https:\/\/heyu-rock.de\/wp-content\/uploads\/2020\/03\/susa.portrait.jpg\" class=\"attachment-post-thumbnail size-post-thumbnail wp-image-472\" alt=\"\" srcset=\"https:\/\/heyu-rock.de\/wp-content\/uploads\/2020\/03\/susa.portrait.jpg 255w, https:\/\/heyu-rock.de\/wp-content\/uploads\/2020\/03\/susa.portrait-207x300.jpg 207w\" sizes=\"(max-width: 255px) 100vw, 255px\" \/>\t\t\t\t\t\t\t\t\t\t\t\t\t\t\t<\/div>\n\t\t\t\t<\/div>\n\t\t\t\t\t<\/div>\n\t\t<\/div>\n\t\t\t\t<div class=\"elementor-column elementor-col-50 elementor-inner-column elementor-element elementor-element-17e920e\" data-id=\"17e920e\" data-element_type=\"column\">\n\t\t\t<div class=\"elementor-widget-wrap elementor-element-populated\">\n\t\t\t\t\t\t<div class=\"elementor-element elementor-element-aed043b elementor-widget elementor-widget-heading\" data-id=\"aed043b\" data-element_type=\"widget\" data-widget_type=\"heading.default\">\n\t\t\t\t<div class=\"elementor-widget-container\">\n\t\t\t\t\t<h3 class=\"elementor-heading-title elementor-size-default\">SUSANNA RIEPL<\/h3>\t\t\t\t<\/div>\n\t\t\t\t<\/div>\n\t\t\t\t<div class=\"elementor-element elementor-element-67f673a elementor-widget elementor-widget-heading\" data-id=\"67f673a\" data-element_type=\"widget\" data-widget_type=\"heading.default\">\n\t\t\t\t<div class=\"elementor-widget-container\">\n\t\t\t\t\t<h5 class=\"elementor-heading-title elementor-size-default\">vocals<\/h5>\t\t\t\t<\/div>\n\t\t\t\t<\/div>\n\t\t\t\t<div class=\"elementor-element elementor-element-a56cf0b elementor-widget elementor-widget-text-editor\" data-id=\"a56cf0b\" data-element_type=\"widget\" data-widget_type=\"text-editor.default\">\n\t\t\t\t<div class=\"elementor-widget-container\">\n\t\t\t\t\t\t\t\t\t<p>interessiert sich f\u00fcr viele Dinge und liebt die Vielfalt, dazu geh\u00f6ren Darstellende\/Bildende Kunst und allerlei Musikgenre<\/p><p><em>&#8222;Mir ist wichtig die Dinge \u00f6fter aufs Neue anzuschauen, so werden auch Melodien und Texte immer spannend sein und der Zauber bleibt bestehen.&#8220;<\/em><\/p><p>Lieblingsbands: Placebo, Sarah Conner, Linkin Park<\/p>\t\t\t\t\t\t\t\t<\/div>\n\t\t\t\t<\/div>\n\t\t\t\t\t<\/div>\n\t\t<\/div>\n\t\t\t\t\t<\/div>\n\t\t<\/section>\n\t\t\t\t\t<\/div>\n\t\t<\/div>\n\t\t\t\t\t<\/div>\n\t\t<\/section>\n\t\t\t\t<section class=\"elementor-section elementor-top-section elementor-element elementor-element-3a80644 elementor-section-boxed elementor-section-height-default elementor-section-height-default\" data-id=\"3a80644\" data-element_type=\"section\">\n\t\t\t\t\t\t<div class=\"elementor-container elementor-column-gap-default\">\n\t\t\t\t\t<div class=\"elementor-column elementor-col-100 elementor-top-column elementor-element elementor-element-2c5ccdd\" data-id=\"2c5ccdd\" data-element_type=\"column\">\n\t\t\t<div class=\"elementor-widget-wrap elementor-element-populated\">\n\t\t\t\t\t\t<div class=\"elementor-element elementor-element-cf8e909 elementor-widget-divider--view-line elementor-widget elementor-widget-divider\" data-id=\"cf8e909\" data-element_type=\"widget\" data-widget_type=\"divider.default\">\n\t\t\t\t<div class=\"elementor-widget-container\">\n\t\t\t\t\t\t\t<div class=\"elementor-divider\">\n\t\t\t<span class=\"elementor-divider-separator\">\n\t\t\t\t\t\t<\/span>\n\t\t<\/div>\n\t\t\t\t\t\t<\/div>\n\t\t\t\t<\/div>\n\t\t\t\t<section class=\"elementor-section elementor-inner-section elementor-element elementor-element-505df1c elementor-section-boxed elementor-section-height-default elementor-section-height-default\" data-id=\"505df1c\" data-element_type=\"section\">\n\t\t\t\t\t\t<div class=\"elementor-container elementor-column-gap-default\">\n\t\t\t\t\t<div class=\"elementor-column elementor-col-50 elementor-inner-column elementor-element elementor-element-179c413\" data-id=\"179c413\" data-element_type=\"column\">\n\t\t\t<div class=\"elementor-widget-wrap elementor-element-populated\">\n\t\t\t\t\t\t<div class=\"elementor-element elementor-element-8f7aa03 elementor-widget elementor-widget-heading\" data-id=\"8f7aa03\" data-element_type=\"widget\" data-widget_type=\"heading.default\">\n\t\t\t\t<div class=\"elementor-widget-container\">\n\t\t\t\t\t<h3 class=\"elementor-heading-title elementor-size-default\">MANFRED HARLASS<\/h3>\t\t\t\t<\/div>\n\t\t\t\t<\/div>\n\t\t\t\t<div class=\"elementor-element elementor-element-ca20c1c elementor-widget elementor-widget-heading\" data-id=\"ca20c1c\" data-element_type=\"widget\" data-widget_type=\"heading.default\">\n\t\t\t\t<div class=\"elementor-widget-container\">\n\t\t\t\t\t<h5 class=\"elementor-heading-title elementor-size-default\">guitar, vocals<\/h5>\t\t\t\t<\/div>\n\t\t\t\t<\/div>\n\t\t\t\t<div class=\"elementor-element elementor-element-f4b4263 elementor-widget elementor-widget-text-editor\" data-id=\"f4b4263\" data-element_type=\"widget\" data-widget_type=\"text-editor.default\">\n\t\t\t\t<div class=\"elementor-widget-container\">\n\t\t\t\t\t\t\t\t\t<p><span style=\"font-family: Arial, Helvetica, Geneva, sans-serif, sans-serif;\">spielte in den 80er-Jahren in den im Raum N\u00fcrnberg\/Regensburg sehr bekannten Bands <strong>Mother Careys Chicken<\/strong>, <strong>Little Bit<\/strong> und <strong>Rockestra<\/strong><\/span><\/p><p><em>&#8222;Songwriting, Recording, Mixing, Mastering, Producing, Live Performances, Design, &#8230; manchmal etwas viel, aber es macht Spa\u00df , h\u00e4lt jung und man lernt immer noch dazu.&#8220;<\/em><\/p><p>Lieblingsbands: John Mellencamp, Tom Petty, Richard Marx, Bob Dylan<\/p>\t\t\t\t\t\t\t\t<\/div>\n\t\t\t\t<\/div>\n\t\t\t\t\t<\/div>\n\t\t<\/div>\n\t\t\t\t<div class=\"elementor-column elementor-col-50 elementor-inner-column elementor-element elementor-element-b2ed7e2\" data-id=\"b2ed7e2\" data-element_type=\"column\">\n\t\t\t<div class=\"elementor-widget-wrap elementor-element-populated\">\n\t\t\t\t\t\t<div class=\"elementor-element elementor-element-786948d elementor-widget elementor-widget-image\" data-id=\"786948d\" data-element_type=\"widget\" data-widget_type=\"image.default\">\n\t\t\t\t<div class=\"elementor-widget-container\">\n\t\t\t\t\t\t\t\t\t\t\t\t\t\t\t<img decoding=\"async\" width=\"255\" height=\"369\" src=\"https:\/\/heyu-rock.de\/wp-content\/uploads\/2020\/03\/mane.jpg\" class=\"attachment-post-thumbnail size-post-thumbnail wp-image-178\" alt=\"\" srcset=\"https:\/\/heyu-rock.de\/wp-content\/uploads\/2020\/03\/mane.jpg 255w, https:\/\/heyu-rock.de\/wp-content\/uploads\/2020\/03\/mane-207x300.jpg 207w\" sizes=\"(max-width: 255px) 100vw, 255px\" \/>\t\t\t\t\t\t\t\t\t\t\t\t\t\t\t<\/div>\n\t\t\t\t<\/div>\n\t\t\t\t\t<\/div>\n\t\t<\/div>\n\t\t\t\t\t<\/div>\n\t\t<\/section>\n\t\t\t\t\t<\/div>\n\t\t<\/div>\n\t\t\t\t\t<\/div>\n\t\t<\/section>\n\t\t\t\t<section class=\"elementor-section elementor-top-section elementor-element elementor-element-10eb4d9 elementor-section-boxed elementor-section-height-default elementor-section-height-default\" data-id=\"10eb4d9\" data-element_type=\"section\">\n\t\t\t\t\t\t<div class=\"elementor-container elementor-column-gap-default\">\n\t\t\t\t\t<div class=\"elementor-column elementor-col-100 elementor-top-column elementor-element elementor-element-66f5ceb\" data-id=\"66f5ceb\" data-element_type=\"column\">\n\t\t\t<div class=\"elementor-widget-wrap elementor-element-populated\">\n\t\t\t\t\t\t<div class=\"elementor-element elementor-element-9d3b25b elementor-widget-divider--view-line elementor-widget elementor-widget-divider\" data-id=\"9d3b25b\" data-element_type=\"widget\" data-widget_type=\"divider.default\">\n\t\t\t\t<div class=\"elementor-widget-container\">\n\t\t\t\t\t\t\t<div class=\"elementor-divider\">\n\t\t\t<span class=\"elementor-divider-separator\">\n\t\t\t\t\t\t<\/span>\n\t\t<\/div>\n\t\t\t\t\t\t<\/div>\n\t\t\t\t<\/div>\n\t\t\t\t\t<\/div>\n\t\t<\/div>\n\t\t\t\t\t<\/div>\n\t\t<\/section>\n\t\t\t\t<section class=\"elementor-section elementor-top-section elementor-element elementor-element-1302e06 elementor-section-boxed elementor-section-height-default elementor-section-height-default\" data-id=\"1302e06\" data-element_type=\"section\">\n\t\t\t\t\t\t<div class=\"elementor-container elementor-column-gap-default\">\n\t\t\t\t\t<div class=\"elementor-column elementor-col-100 elementor-top-column elementor-element elementor-element-bb21e9d\" data-id=\"bb21e9d\" data-element_type=\"column\">\n\t\t\t<div class=\"elementor-widget-wrap elementor-element-populated\">\n\t\t\t\t\t\t<section class=\"elementor-section elementor-inner-section elementor-element elementor-element-f9397c9 elementor-section-boxed elementor-section-height-default elementor-section-height-default\" data-id=\"f9397c9\" data-element_type=\"section\">\n\t\t\t\t\t\t<div class=\"elementor-container elementor-column-gap-default\">\n\t\t\t\t\t<div class=\"elementor-column elementor-col-50 elementor-inner-column elementor-element elementor-element-65e7c11\" data-id=\"65e7c11\" data-element_type=\"column\">\n\t\t\t<div class=\"elementor-widget-wrap elementor-element-populated\">\n\t\t\t\t\t\t<div class=\"elementor-element elementor-element-a1ee7fe elementor-widget elementor-widget-image\" data-id=\"a1ee7fe\" data-element_type=\"widget\" data-widget_type=\"image.default\">\n\t\t\t\t<div class=\"elementor-widget-container\">\n\t\t\t\t\t\t\t\t\t\t\t\t\t\t\t<img decoding=\"async\" width=\"255\" height=\"369\" src=\"https:\/\/heyu-rock.de\/wp-content\/uploads\/2020\/03\/frank.jpg\" class=\"attachment-post-thumbnail size-post-thumbnail wp-image-177\" alt=\"\" srcset=\"https:\/\/heyu-rock.de\/wp-content\/uploads\/2020\/03\/frank.jpg 255w, https:\/\/heyu-rock.de\/wp-content\/uploads\/2020\/03\/frank-207x300.jpg 207w\" sizes=\"(max-width: 255px) 100vw, 255px\" \/>\t\t\t\t\t\t\t\t\t\t\t\t\t\t\t<\/div>\n\t\t\t\t<\/div>\n\t\t\t\t\t<\/div>\n\t\t<\/div>\n\t\t\t\t<div class=\"elementor-column elementor-col-50 elementor-inner-column elementor-element elementor-element-97d4a74\" data-id=\"97d4a74\" data-element_type=\"column\">\n\t\t\t<div class=\"elementor-widget-wrap elementor-element-populated\">\n\t\t\t\t\t\t<div class=\"elementor-element elementor-element-5c43f0f elementor-widget elementor-widget-heading\" data-id=\"5c43f0f\" data-element_type=\"widget\" data-widget_type=\"heading.default\">\n\t\t\t\t<div class=\"elementor-widget-container\">\n\t\t\t\t\t<h3 class=\"elementor-heading-title elementor-size-default\">FRANK SCHLAG<\/h3>\t\t\t\t<\/div>\n\t\t\t\t<\/div>\n\t\t\t\t<div class=\"elementor-element elementor-element-b8d9b78 elementor-widget elementor-widget-heading\" data-id=\"b8d9b78\" data-element_type=\"widget\" data-widget_type=\"heading.default\">\n\t\t\t\t<div class=\"elementor-widget-container\">\n\t\t\t\t\t<h5 class=\"elementor-heading-title elementor-size-default\">bass, backup vocals<\/h5>\t\t\t\t<\/div>\n\t\t\t\t<\/div>\n\t\t\t\t<div class=\"elementor-element elementor-element-2d9a936 elementor-widget elementor-widget-text-editor\" data-id=\"2d9a936\" data-element_type=\"widget\" data-widget_type=\"text-editor.default\">\n\t\t\t\t<div class=\"elementor-widget-container\">\n\t\t\t\t\t\t\t\t\t<p>spielt seit 1972 in Bands und hat die Liebe zu den dicken Saiten \u00fcber den &#8222;Umweg Gitarre&#8220; gefunden. War bundesweit in verschiedenen Bands aktiv, u.a. bei <strong>Treibhaus<\/strong>, <strong>Stop<\/strong>, <strong>Schneuzfest<\/strong>, <strong>DOPE<\/strong>, <strong>Abyss<\/strong>, <strong>Water<\/strong>, <strong>Divin&#8216; Duck<\/strong> und <strong>Mark II<\/strong><\/p><p><em>&#8222;Ich mag beim Bass die Vibrationenen (das Bauchgef\u00fchl) und die Verbindung von Rhythmik mit Harmonien. In der Band ist in guten Momenten 2 plus 2 mehr als 4, weil jeder seinen optimalen Beitrag zum Gesamtergebnis gibt.&#8220;<\/em><\/p><p>Lieblingsbands: Genesis, Pink Floyd, Wishbone Ash, Neal Morse Band, Riverside und viele andere Bands (es muss zur jeweiligen Stimmung passen &#8230;)<\/p>\t\t\t\t\t\t\t\t<\/div>\n\t\t\t\t<\/div>\n\t\t\t\t\t<\/div>\n\t\t<\/div>\n\t\t\t\t\t<\/div>\n\t\t<\/section>\n\t\t\t\t\t<\/div>\n\t\t<\/div>\n\t\t\t\t\t<\/div>\n\t\t<\/section>\n\t\t\t\t<section class=\"elementor-section elementor-top-section elementor-element elementor-element-1960ae4 elementor-section-boxed elementor-section-height-default elementor-section-height-default\" data-id=\"1960ae4\" data-element_type=\"section\">\n\t\t\t\t\t\t<div class=\"elementor-container elementor-column-gap-default\">\n\t\t\t\t\t<div class=\"elementor-column elementor-col-100 elementor-top-column elementor-element elementor-element-14ac4ef\" data-id=\"14ac4ef\" data-element_type=\"column\">\n\t\t\t<div class=\"elementor-widget-wrap elementor-element-populated\">\n\t\t\t\t\t\t<div class=\"elementor-element elementor-element-1de5585 elementor-widget-divider--view-line elementor-widget elementor-widget-divider\" data-id=\"1de5585\" data-element_type=\"widget\" data-widget_type=\"divider.default\">\n\t\t\t\t<div class=\"elementor-widget-container\">\n\t\t\t\t\t\t\t<div class=\"elementor-divider\">\n\t\t\t<span class=\"elementor-divider-separator\">\n\t\t\t\t\t\t<\/span>\n\t\t<\/div>\n\t\t\t\t\t\t<\/div>\n\t\t\t\t<\/div>\n\t\t\t\t\t<\/div>\n\t\t<\/div>\n\t\t\t\t\t<\/div>\n\t\t<\/section>\n\t\t\t\t<section class=\"elementor-section elementor-top-section elementor-element elementor-element-8bfc402 elementor-section-boxed elementor-section-height-default elementor-section-height-default\" data-id=\"8bfc402\" data-element_type=\"section\">\n\t\t\t\t\t\t<div class=\"elementor-container elementor-column-gap-default\">\n\t\t\t\t\t<div class=\"elementor-column elementor-col-100 elementor-top-column elementor-element elementor-element-3e16d36\" data-id=\"3e16d36\" data-element_type=\"column\">\n\t\t\t<div class=\"elementor-widget-wrap elementor-element-populated\">\n\t\t\t\t\t\t<section class=\"elementor-section elementor-inner-section elementor-element elementor-element-c6de04a elementor-section-boxed elementor-section-height-default elementor-section-height-default\" data-id=\"c6de04a\" data-element_type=\"section\">\n\t\t\t\t\t\t<div class=\"elementor-container elementor-column-gap-default\">\n\t\t\t\t\t<div class=\"elementor-column elementor-col-50 elementor-inner-column elementor-element elementor-element-dcf03e9\" data-id=\"dcf03e9\" data-element_type=\"column\">\n\t\t\t<div class=\"elementor-widget-wrap elementor-element-populated\">\n\t\t\t\t\t\t<div class=\"elementor-element elementor-element-efb154d elementor-widget elementor-widget-heading\" data-id=\"efb154d\" data-element_type=\"widget\" data-widget_type=\"heading.default\">\n\t\t\t\t<div class=\"elementor-widget-container\">\n\t\t\t\t\t<h3 class=\"elementor-heading-title elementor-size-default\">JOSEF RIEPL<\/h3>\t\t\t\t<\/div>\n\t\t\t\t<\/div>\n\t\t\t\t<div class=\"elementor-element elementor-element-79a81e7 elementor-widget elementor-widget-heading\" data-id=\"79a81e7\" data-element_type=\"widget\" data-widget_type=\"heading.default\">\n\t\t\t\t<div class=\"elementor-widget-container\">\n\t\t\t\t\t<h4 class=\"elementor-heading-title elementor-size-default\">drums<\/h4>\t\t\t\t<\/div>\n\t\t\t\t<\/div>\n\t\t\t\t<div class=\"elementor-element elementor-element-dcedddd elementor-widget elementor-widget-text-editor\" data-id=\"dcedddd\" data-element_type=\"widget\" data-widget_type=\"text-editor.default\">\n\t\t\t\t<div class=\"elementor-widget-container\">\n\t\t\t\t\t\t\t\t\t<p>spielte in den 80er-Jahren bei der im weiten Regensburger Umkreis bekannten Band <strong>Tobacco Road<\/strong> und bei <strong>Little Bit<\/strong><\/p><p>&#8222;<em>Ich liebe Kl\u00e4nge, besonders Snares und Cymbals haben es mir angetan.<\/em>&#8222;<\/p><p>Lieblingsbands: Absolva, Golden Earring, Michael Schenker und nat\u00fcrlich heyU<\/p>\t\t\t\t\t\t\t\t<\/div>\n\t\t\t\t<\/div>\n\t\t\t\t\t<\/div>\n\t\t<\/div>\n\t\t\t\t<div class=\"elementor-column elementor-col-50 elementor-inner-column elementor-element elementor-element-d0f3220\" data-id=\"d0f3220\" data-element_type=\"column\">\n\t\t\t<div class=\"elementor-widget-wrap elementor-element-populated\">\n\t\t\t\t\t\t<div class=\"elementor-element elementor-element-c539afd elementor-widget elementor-widget-image\" data-id=\"c539afd\" data-element_type=\"widget\" data-widget_type=\"image.default\">\n\t\t\t\t<div class=\"elementor-widget-container\">\n\t\t\t\t\t\t\t\t\t\t\t\t\t\t\t<img loading=\"lazy\" decoding=\"async\" width=\"255\" height=\"369\" src=\"https:\/\/heyu-rock.de\/wp-content\/uploads\/2020\/03\/sepp.jpg\" class=\"attachment-post-thumbnail size-post-thumbnail wp-image-179\" alt=\"\" srcset=\"https:\/\/heyu-rock.de\/wp-content\/uploads\/2020\/03\/sepp.jpg 255w, https:\/\/heyu-rock.de\/wp-content\/uploads\/2020\/03\/sepp-207x300.jpg 207w\" sizes=\"(max-width: 255px) 100vw, 255px\" \/>\t\t\t\t\t\t\t\t\t\t\t\t\t\t\t<\/div>\n\t\t\t\t<\/div>\n\t\t\t\t\t<\/div>\n\t\t<\/div>\n\t\t\t\t\t<\/div>\n\t\t<\/section>\n\t\t\t\t\t<\/div>\n\t\t<\/div>\n\t\t\t\t\t<\/div>\n\t\t<\/section>\n\t\t\t\t<\/div>\n\t\t","protected":false},"excerpt":{"rendered":"<p>Wir spielen geradlinige, schn\u00f6rkellose Rockmusik, knackig aber nicht heavy, manchmal leicht dreckig, manchmal balladenhaft &#8211; immer mit Spa\u00df! Kein besonderes Konzept, keine Schublade, kein &#8222;wir m\u00fcssen klingen wie &#8230;&#8220;,einfach Rockmusik auf die Ohren und ins&hellip;<\/p>\n","protected":false},"author":1,"featured_media":430,"parent":0,"menu_order":0,"comment_status":"closed","ping_status":"closed","template":"","meta":{"footnotes":""},"class_list":["post-127","page","type-page","status-publish","has-post-thumbnail","hentry"],"_links":{"self":[{"href":"https:\/\/heyu-rock.de\/index.php?rest_route=\/wp\/v2\/pages\/127","targetHints":{"allow":["GET"]}}],"collection":[{"href":"https:\/\/heyu-rock.de\/index.php?rest_route=\/wp\/v2\/pages"}],"about":[{"href":"https:\/\/heyu-rock.de\/index.php?rest_route=\/wp\/v2\/types\/page"}],"author":[{"embeddable":true,"href":"https:\/\/heyu-rock.de\/index.php?rest_route=\/wp\/v2\/users\/1"}],"replies":[{"embeddable":true,"href":"https:\/\/heyu-rock.de\/index.php?rest_route=%2Fwp%2Fv2%2Fcomments&post=127"}],"version-history":[{"count":80,"href":"https:\/\/heyu-rock.de\/index.php?rest_route=\/wp\/v2\/pages\/127\/revisions"}],"predecessor-version":[{"id":627,"href":"https:\/\/heyu-rock.de\/index.php?rest_route=\/wp\/v2\/pages\/127\/revisions\/627"}],"wp:featuredmedia":[{"embeddable":true,"href":"https:\/\/heyu-rock.de\/index.php?rest_route=\/wp\/v2\/media\/430"}],"wp:attachment":[{"href":"https:\/\/heyu-rock.de\/index.php?rest_route=%2Fwp%2Fv2%2Fmedia&parent=127"}],"curies":[{"name":"wp","href":"https:\/\/api.w.org\/{rel}","templated":true}]}}